{"id":11,"date":"2026-02-03T16:56:05","date_gmt":"2026-02-03T19:56:05","guid":{"rendered":"https:\/\/oticascarolcuiaba.com.br\/?page_id=11"},"modified":"2026-02-04T17:30:29","modified_gmt":"2026-02-04T21:30:29","slug":"oticas-carol","status":"publish","type":"page","link":"https:\/\/oticascarolcuiaba.com.br\/","title":{"rendered":"Oticas Carol"},"content":{"rendered":"\t\t<div data-elementor-type=\"wp-page\" data-elementor-id=\"11\" class=\"elementor elementor-11\" data-elementor-post-type=\"page\">\n\t\t\t\t<div class=\"elementor-element elementor-element-78a80e35 e-flex e-con-boxed e-con e-parent\" data-id=\"78a80e35\" data-element_type=\"container\" data-e-type=\"container\" data-settings=\"{&quot;background_background&quot;:&quot;classic&quot;}\">\n\t\t\t\t\t<div class=\"e-con-inner\">\n\t\t<div class=\"elementor-element elementor-element-37dc2b9a e-con-full e-flex e-con e-child\" data-id=\"37dc2b9a\" data-element_type=\"container\" data-e-type=\"container\">\n\t\t\t\t<div class=\"elementor-element elementor-element-6f64dc7c elementor-widget elementor-widget-image\" data-id=\"6f64dc7c\" data-element_type=\"widget\" data-e-type=\"widget\" data-widget_type=\"image.default\">\n\t\t\t\t\t\t\t\t\t\t\t\t\t\t\t<img fetchpriority=\"high\" decoding=\"async\" width=\"800\" height=\"178\" src=\"https:\/\/oticascarolcuiaba.com.br\/wp-content\/uploads\/2026\/02\/logo2.png\" class=\"attachment-large size-large wp-image-89\" alt=\"\" srcset=\"https:\/\/oticascarolcuiaba.com.br\/wp-content\/uploads\/2026\/02\/logo2.png 900w, https:\/\/oticascarolcuiaba.com.br\/wp-content\/uploads\/2026\/02\/logo2-300x67.png 300w, https:\/\/oticascarolcuiaba.com.br\/wp-content\/uploads\/2026\/02\/logo2-768x171.png 768w\" sizes=\"(max-width: 800px) 100vw, 800px\" \/>\t\t\t\t\t\t\t\t\t\t\t\t\t\t\t<\/div>\n\t\t\t\t<div class=\"elementor-element elementor-element-2c59d1c1 elementor-widget__width-initial elementor-widget-tablet__width-initial elementor-widget elementor-widget-heading\" data-id=\"2c59d1c1\" data-element_type=\"widget\" data-e-type=\"widget\" data-widget_type=\"heading.default\">\n\t\t\t\t\t<h2 class=\"elementor-heading-title elementor-size-default\"><b>\u00d3culos Completo a partir de <span style=\"color:#FFC20E\">R$299<\/span><\/b>\n<\/h2>\t\t\t\t<\/div>\n\t\t\t\t<div class=\"elementor-element elementor-element-137e4760 elementor-widget__width-initial elementor-widget-mobile__width-initial elementor-widget-tablet__width-initial elementor-widget elementor-widget-heading\" data-id=\"137e4760\" data-element_type=\"widget\" data-e-type=\"widget\" data-widget_type=\"heading.default\">\n\t\t\t\t\t<h2 class=\"elementor-heading-title elementor-size-default\"><a href=\"#form\">Fa\u00e7a um or\u00e7amento agora pelo <b><u>WhatsApp<\/u><\/b><\/a><\/h2>\t\t\t\t<\/div>\n\t\t\t\t<div class=\"elementor-element elementor-element-453569f elementor-widget__width-initial elementor-widget-mobile__width-initial elementor-widget-tablet__width-initial elementor-widget elementor-widget-heading\" data-id=\"453569f\" data-element_type=\"widget\" data-e-type=\"widget\" data-widget_type=\"heading.default\">\n\t\t\t\t\t<h2 class=\"elementor-heading-title elementor-size-default\">Mande suas informa\u00e7\u00f5es no <b>WhatsApp e receba um or\u00e7amento completo<\/b>, com as lentes ideais para sua rotina e o melhor custo-benef\u00edcio simples, <b>r\u00e1pido e sem sair de casa<\/b>.<\/h2>\t\t\t\t<\/div>\n\t\t\t\t<div class=\"elementor-element elementor-element-320d4728 elementor-align-center elementor-invisible elementor-widget elementor-widget-button\" data-id=\"320d4728\" data-element_type=\"widget\" data-e-type=\"widget\" data-settings=\"{&quot;_animation&quot;:&quot;fadeIn&quot;}\" data-widget_type=\"button.default\">\n\t\t\t\t\t\t\t\t\t\t<a class=\"elementor-button elementor-button-link elementor-size-sm\" href=\"#form\">\n\t\t\t\t\t\t<span class=\"elementor-button-content-wrapper\">\n\t\t\t\t\t\t\t\t\t<span class=\"elementor-button-text\">Atendimento humano via WhatsApp<\/span>\n\t\t\t\t\t<\/span>\n\t\t\t\t\t<\/a>\n\t\t\t\t\t\t\t\t<\/div>\n\t\t\t\t<\/div>\n\t\t<div class=\"elementor-element elementor-element-3a061751 e-con-full e-flex e-con e-child\" data-id=\"3a061751\" data-element_type=\"container\" data-e-type=\"container\">\n\t\t\t\t<div class=\"elementor-element elementor-element-50f64f46 elementor-widget elementor-widget-image\" data-id=\"50f64f46\" data-element_type=\"widget\" data-e-type=\"widget\" data-widget_type=\"image.default\">\n\t\t\t\t\t\t\t\t\t\t\t\t\t\t\t<img decoding=\"async\" width=\"689\" height=\"1024\" src=\"https:\/\/oticascarolcuiaba.com.br\/wp-content\/uploads\/2026\/02\/mulher-oculos-689x1024.png\" class=\"attachment-large size-large wp-image-16\" alt=\"\" srcset=\"https:\/\/oticascarolcuiaba.com.br\/wp-content\/uploads\/2026\/02\/mulher-oculos-689x1024.png 689w, https:\/\/oticascarolcuiaba.com.br\/wp-content\/uploads\/2026\/02\/mulher-oculos-202x300.png 202w, https:\/\/oticascarolcuiaba.com.br\/wp-content\/uploads\/2026\/02\/mulher-oculos-768x1141.png 768w, https:\/\/oticascarolcuiaba.com.br\/wp-content\/uploads\/2026\/02\/mulher-oculos.png 1010w\" sizes=\"(max-width: 689px) 100vw, 689px\" \/>\t\t\t\t\t\t\t\t\t\t\t\t\t\t\t<\/div>\n\t\t\t\t<\/div>\n\t\t\t\t\t<\/div>\n\t\t\t\t<\/div>\n\t\t<div class=\"elementor-element elementor-element-25a7f1c6 e-flex e-con-boxed e-con e-parent\" data-id=\"25a7f1c6\" data-element_type=\"container\" data-e-type=\"container\" data-settings=\"{&quot;background_background&quot;:&quot;classic&quot;}\">\n\t\t\t\t\t<div class=\"e-con-inner\">\n\t\t<div class=\"elementor-element elementor-element-3ba420b e-con-full e-flex e-con e-child\" data-id=\"3ba420b\" data-element_type=\"container\" data-e-type=\"container\">\n\t\t<div class=\"elementor-element elementor-element-4cffed60 e-con-full e-flex e-con e-child\" data-id=\"4cffed60\" data-element_type=\"container\" data-e-type=\"container\" data-settings=\"{&quot;background_background&quot;:&quot;classic&quot;}\">\n\t\t\t\t<div class=\"elementor-element elementor-element-7bbadced form elementor-widget elementor-widget-html\" data-id=\"7bbadced\" data-element_type=\"widget\" data-e-type=\"widget\" id=\"form\" data-widget_type=\"html.default\">\n\t\t\t\t\t<div class='fluentform ff-default fluentform_wrapper_3 ffs_custom_wrap'><form data-form_id=\"3\" id=\"fluentform_3\" class=\"frm-fluent-form fluent_form_3 ff-el-form-top ff_form_instance_3_1 ff-form-loading ffs_custom\" data-form_instance=\"ff_form_instance_3_1\" method=\"POST\" ><fieldset  style=\"border: none!important;margin: 0!important;padding: 0!important;background-color: transparent!important;box-shadow: none!important;outline: none!important; min-inline-size: 100%;\">\n                    <legend class=\"ff_screen_reader_title\" style=\"display: block; margin: 0!important;padding: 0!important;height: 0!important;text-indent: -999999px;width: 0!important;overflow:hidden;\">otica_carol_form<\/legend><p style=\"display: none !important;\" class=\"akismet-fields-container\" data-prefix=\"ak_\"><label>&#916;<textarea name=\"ak_hp_textarea\" cols=\"45\" rows=\"8\" maxlength=\"100\"><\/textarea><\/label><input type=\"hidden\" id=\"ak_js_1\" name=\"ak_js\" value=\"156\"\/><script>document.getElementById( \"ak_js_1\" ).setAttribute( \"value\", ( new Date() ).getTime() );<\/script><\/p><input type='hidden' name='__fluent_form_embded_post_id' value='11' \/><input type=\"hidden\" id=\"_fluentform_3_fluentformnonce\" name=\"_fluentform_3_fluentformnonce\" value=\"13e8550db9\" \/><input type=\"hidden\" name=\"_wp_http_referer\" value=\"\/index.php\/wp-json\/wp\/v2\/pages\/11\" \/><div data-type=\"name-element\" data-name=\"names\" class=\" ff-field_container ff-name-field-wrapper\" ><div class='ff-t-container'><div class='ff-t-cell '><div class='ff-el-group ff-el-form-top'><div class=\"ff-el-input--label asterisk-right\"><label for='ff_3_names_first_name_' id='label_ff_3_names_first_name_' >Seu nome<\/label><\/div><div class='ff-el-input--content'><input type=\"text\" name=\"names[first_name]\" id=\"ff_3_names_first_name_\" class=\"ff-el-form-control\" placeholder=\"Digite seu nome\" aria-invalid=\"false\" aria-required=false><\/div><\/div><\/div><\/div><\/div><div class='ff-el-group'><div class=\"ff-el-input--label ff-el-is-required asterisk-right\"><label for='ff_3_phone' id='label_ff_3_phone' aria-label=\"WhatsApp\">WhatsApp <\/label><\/div><div class='ff-el-input--content'><input name=\"phone\" class=\"ff-el-form-control ff-el-phone ff_el_with_extended_validation\" type=\"tel\" placeholder=\"(65) 0000-0000\" data-name=\"phone\" id=\"ff_3_phone\" inputmode=\"tel\"  aria-invalid='false' aria-required=true><\/div><\/div><input type=\"hidden\" name=\"hidden\" value=\"\" data-name=\"hidden\" ><div class='ff-el-group ff-text-left ff_submit_btn_wrapper'><button type=\"submit\" class=\"ff-btn ff-btn-submit ff-btn-lg ff_btn_style\"  aria-label=\"Solicitar or\u00e7amento por WhatsApp!\">Solicitar or\u00e7amento por WhatsApp!<\/button><\/div><\/fieldset><\/form><div id='fluentform_3_errors' class='ff-errors-in-stack ff_form_instance_3_1 ff-form-loading_errors ff_form_instance_3_1_errors'><\/div><\/div>            <script type=\"text\/javascript\">\n                window.fluent_form_ff_form_instance_3_1 = {\"id\":\"3\",\"settings\":{\"layout\":{\"labelPlacement\":\"top\",\"asteriskPlacement\":\"asterisk-right\",\"helpMessagePlacement\":\"with_label\",\"errorMessagePlacement\":\"inline\",\"cssClassName\":\"\"},\"restrictions\":{\"denyEmptySubmission\":{\"enabled\":false}}},\"form_instance\":\"ff_form_instance_3_1\",\"form_id_selector\":\"fluentform_3\",\"rules\":{\"names[first_name]\":{\"required\":{\"value\":false,\"message\":\"Este campo \\u00e9 obrigat\\u00f3rio\",\"global_message\":\"Este campo \\u00e9 obrigat\\u00f3rio\",\"global\":true}},\"names[middle_name]\":{\"required\":{\"value\":false,\"message\":\"Este campo \\u00e9 obrigat\\u00f3rio\",\"global_message\":\"Este campo \\u00e9 obrigat\\u00f3rio\",\"global\":true}},\"names[last_name]\":{\"required\":{\"value\":false,\"message\":\"Este campo \\u00e9 obrigat\\u00f3rio\",\"global_message\":\"Este campo \\u00e9 obrigat\\u00f3rio\",\"global\":true}},\"phone\":{\"required\":{\"value\":true,\"global\":true,\"message\":\"Este campo \\u00e9 obrigat\\u00f3rio\",\"global_message\":\"Este campo \\u00e9 obrigat\\u00f3rio\"},\"valid_phone_number\":{\"value\":true,\"global\":true,\"message\":\"O n\\u00famero de telefone n\\u00e3o \\u00e9 v\\u00e1lido\",\"global_message\":\"O n\\u00famero de telefone n\\u00e3o \\u00e9 v\\u00e1lido\"}}},\"debounce_time\":300};\n                            <\/script>\n            \t\t\t\t<\/div>\n\t\t\t\t<\/div>\n\t\t\t\t<div class=\"elementor-element elementor-element-46bf3072 elementor-widget__width-initial elementor-widget elementor-widget-heading\" data-id=\"46bf3072\" data-element_type=\"widget\" data-e-type=\"widget\" data-widget_type=\"heading.default\">\n\t\t\t\t\t<h2 class=\"elementor-heading-title elementor-size-default\">A \u00d3tica mais Tradicional de Cuiab\u00e1<\/h2>\t\t\t\t<\/div>\n\t\t\t\t<div class=\"elementor-element elementor-element-62f3cd10 elementor-widget__width-initial elementor-skin-carousel elementor-arrows-yes elementor-pagination-type-bullets elementor-pagination-position-outside elementor-widget elementor-widget-media-carousel\" data-id=\"62f3cd10\" data-element_type=\"widget\" data-e-type=\"widget\" data-settings=\"{&quot;slides_per_view&quot;:&quot;3&quot;,&quot;lazyload&quot;:&quot;yes&quot;,&quot;space_between&quot;:{&quot;unit&quot;:&quot;px&quot;,&quot;size&quot;:23,&quot;sizes&quot;:[]},&quot;speed&quot;:200,&quot;autoplay_speed&quot;:3000,&quot;skin&quot;:&quot;carousel&quot;,&quot;effect&quot;:&quot;slide&quot;,&quot;show_arrows&quot;:&quot;yes&quot;,&quot;pagination&quot;:&quot;bullets&quot;,&quot;autoplay&quot;:&quot;yes&quot;,&quot;loop&quot;:&quot;yes&quot;,&quot;pause_on_hover&quot;:&quot;yes&quot;,&quot;pause_on_interaction&quot;:&quot;yes&quot;,&quot;space_between_tablet&quot;:{&quot;unit&quot;:&quot;px&quot;,&quot;size&quot;:10,&quot;sizes&quot;:[]},&quot;space_between_mobile&quot;:{&quot;unit&quot;:&quot;px&quot;,&quot;size&quot;:10,&quot;sizes&quot;:[]}}\" data-widget_type=\"media-carousel.default\">\n\t\t\t\t\t\t\t\t\t\t<div class=\"elementor-main-swiper swiper\" role=\"region\" aria-roledescription=\"carousel\" aria-label=\"Slides\">\n\t\t\t\t<div class=\"swiper-wrapper\">\n\t\t\t\t\t\t\t\t\t\t\t<div class=\"swiper-slide\" role=\"group\" aria-roledescription=\"slide\">\n\t\t\t\t\t\t\t<a href=\"https:\/\/maps.app.goo.gl\/8ern8KNJPDpET3A56\" target=\"_blank\">\t\t<div class=\"elementor-carousel-image swiper-lazy\" role=\"img\" aria-label=\"V\u00e1rzea Grande Shopping\" data-background=\"https:\/\/oticascarolcuiaba.com.br\/wp-content\/uploads\/2026\/02\/varzeagrande.png\">\n\n\t\t\t\t\t\t\t<div class=\"swiper-lazy-preloader\"><\/div>\n\t\t\t\n\t\t\t\t\t<\/div>\n\t\t\t\t\t<div class=\"elementor-carousel-image-overlay e-overlay-animation-slide-up\">\n\t\t\t\tV\u00e1rzea Grande Shopping\t\t\t<\/div>\n\t\t\t<\/a>\t\t\t\t\t\t<\/div>\n\t\t\t\t\t\t\t\t\t\t\t<div class=\"swiper-slide\" role=\"group\" aria-roledescription=\"slide\">\n\t\t\t\t\t\t\t<a href=\"https:\/\/maps.app.goo.gl\/dqS9KTKqAjpaVCgt8\" target=\"_blank\">\t\t<div class=\"elementor-carousel-image swiper-lazy\" role=\"img\" aria-label=\"(65) 99010000\" data-background=\"https:\/\/oticascarolcuiaba.com.br\/wp-content\/uploads\/2026\/02\/araes.png\">\n\n\t\t\t\t\t\t\t<div class=\"swiper-lazy-preloader\"><\/div>\n\t\t\t\n\t\t\t\t\t<\/div>\n\t\t\t\t\t<div class=\"elementor-carousel-image-overlay e-overlay-animation-slide-up\">\n\t\t\t\t\u00c1reas\t\t\t<\/div>\n\t\t\t<\/a>\t\t\t\t\t\t<\/div>\n\t\t\t\t\t\t\t\t\t\t\t<div class=\"swiper-slide\" role=\"group\" aria-roledescription=\"slide\">\n\t\t\t\t\t\t\t<a href=\"https:\/\/maps.app.goo.gl\/v1xnWQ2UDxPKhaXJ6\" target=\"_blank\">\t\t<div class=\"elementor-carousel-image swiper-lazy\" role=\"img\" aria-label=\"Shopping Esta\u00e7\u00e3o\" data-background=\"https:\/\/oticascarolcuiaba.com.br\/wp-content\/uploads\/2026\/02\/estacao.png\">\n\n\t\t\t\t\t\t\t<div class=\"swiper-lazy-preloader\"><\/div>\n\t\t\t\n\t\t\t\t\t<\/div>\n\t\t\t\t\t<div class=\"elementor-carousel-image-overlay e-overlay-animation-slide-up\">\n\t\t\t\tShopping Esta\u00e7\u00e3o\t\t\t<\/div>\n\t\t\t<\/a>\t\t\t\t\t\t<\/div>\n\t\t\t\t\t\t\t\t\t\t\t<div class=\"swiper-slide\" role=\"group\" aria-roledescription=\"slide\">\n\t\t\t\t\t\t\t<a href=\"https:\/\/maps.app.goo.gl\/ReyZyhSA2UMjfgGTA\" target=\"_blank\">\t\t<div class=\"elementor-carousel-image swiper-lazy\" role=\"img\" aria-label=\"Bosque da Saude\" data-background=\"https:\/\/oticascarolcuiaba.com.br\/wp-content\/uploads\/2026\/02\/bosquedasaude_2.png\">\n\n\t\t\t\t\t\t\t<div class=\"swiper-lazy-preloader\"><\/div>\n\t\t\t\n\t\t\t\t\t<\/div>\n\t\t\t\t\t<div class=\"elementor-carousel-image-overlay e-overlay-animation-slide-up\">\n\t\t\t\tBosque da Saude\t\t\t<\/div>\n\t\t\t<\/a>\t\t\t\t\t\t<\/div>\n\t\t\t\t\t\t\t\t\t\t\t<div class=\"swiper-slide\" role=\"group\" aria-roledescription=\"slide\">\n\t\t\t\t\t\t\t<a href=\"https:\/\/maps.app.goo.gl\/fHJeRGrEEVdrMS6M6\" target=\"_blank\">\t\t<div class=\"elementor-carousel-image swiper-lazy\" role=\"img\" aria-label=\"Pantanal Shopping\" data-background=\"https:\/\/oticascarolcuiaba.com.br\/wp-content\/uploads\/2026\/02\/pantanal.png\">\n\n\t\t\t\t\t\t\t<div class=\"swiper-lazy-preloader\"><\/div>\n\t\t\t\n\t\t\t\t\t<\/div>\n\t\t\t\t\t<div class=\"elementor-carousel-image-overlay e-overlay-animation-slide-up\">\n\t\t\t\tPantanal Shopping\t\t\t<\/div>\n\t\t\t<\/a>\t\t\t\t\t\t<\/div>\n\t\t\t\t\t\t\t\t\t<\/div>\n\t\t\t\t\t\t\t\t\t\t\t\t\t\t\t<div class=\"elementor-swiper-button elementor-swiper-button-prev\" role=\"button\" tabindex=\"0\" aria-label=\"Anterior\">\n\t\t\t\t\t\t\t<svg aria-hidden=\"true\" class=\"e-font-icon-svg e-eicon-chevron-left\" viewBox=\"0 0 1000 1000\" xmlns=\"http:\/\/www.w3.org\/2000\/svg\"><path d=\"M646 125C629 125 613 133 604 142L308 442C296 454 292 471 292 487 292 504 296 521 308 533L604 854C617 867 629 875 646 875 663 875 679 871 692 858 704 846 713 829 713 812 713 796 708 779 692 767L438 487 692 225C700 217 708 204 708 187 708 171 704 154 692 142 675 129 663 125 646 125Z\"><\/path><\/svg>\t\t\t\t\t\t<\/div>\n\t\t\t\t\t\t<div class=\"elementor-swiper-button elementor-swiper-button-next\" role=\"button\" tabindex=\"0\" aria-label=\"Pr\u00f3ximo\">\n\t\t\t\t\t\t\t<svg aria-hidden=\"true\" class=\"e-font-icon-svg e-eicon-chevron-right\" viewBox=\"0 0 1000 1000\" xmlns=\"http:\/\/www.w3.org\/2000\/svg\"><path d=\"M696 533C708 521 713 504 713 487 713 471 708 454 696 446L400 146C388 133 375 125 354 125 338 125 325 129 313 142 300 154 292 171 292 187 292 204 296 221 308 233L563 492 304 771C292 783 288 800 288 817 288 833 296 850 308 863 321 871 338 875 354 875 371 875 388 867 400 854L696 533Z\"><\/path><\/svg>\t\t\t\t\t\t<\/div>\n\t\t\t\t\t\t\t\t\t\t\t\t\t\t\t\t<div class=\"swiper-pagination\"><\/div>\n\t\t\t\t\t\t\t\t\t\t\t\t<\/div>\n\t\t\t\t\t\t\t\t<\/div>\n\t\t\t\t<div class=\"elementor-element elementor-element-320f43e5 elementor-widget__width-initial elementor-widget-mobile__width-initial elementor-widget elementor-widget-heading\" data-id=\"320f43e5\" data-element_type=\"widget\" data-e-type=\"widget\" data-widget_type=\"heading.default\">\n\t\t\t\t\t<h2 class=\"elementor-heading-title elementor-size-default\">Copyright 2026 \u00a9 \u00d3ticas | Carol\n\n<\/h2>\t\t\t\t<\/div>\n\t\t\t\t<\/div>\n\t\t\t\t\t<\/div>\n\t\t\t\t<\/div>\n\t\t\t\t<\/div>\n\t\t","protected":false},"excerpt":{"rendered":"<p>\u00d3culos Completo a partir de R$299 Fa\u00e7a um or\u00e7amento agora pelo WhatsApp Mande suas informa\u00e7\u00f5es no WhatsApp e receba um or\u00e7amento completo, com as lentes ideais para sua rotina e o melhor custo-benef\u00edcio simples, r\u00e1pido e sem sair de casa. Atendimento humano via WhatsApp A \u00d3tica mais Tradicional de Cuiab\u00e1 V\u00e1rzea Grande Shopping \u00c1reas Shopping [&hellip;]<\/p>\n","protected":false},"author":1,"featured_media":0,"parent":0,"menu_order":0,"comment_status":"closed","ping_status":"closed","template":"elementor_canvas","meta":{"footnotes":""},"class_list":["post-11","page","type-page","status-publish","hentry"],"_links":{"self":[{"href":"https:\/\/oticascarolcuiaba.com.br\/index.php\/wp-json\/wp\/v2\/pages\/11","targetHints":{"allow":["GET"]}}],"collection":[{"href":"https:\/\/oticascarolcuiaba.com.br\/index.php\/wp-json\/wp\/v2\/pages"}],"about":[{"href":"https:\/\/oticascarolcuiaba.com.br\/index.php\/wp-json\/wp\/v2\/types\/page"}],"author":[{"embeddable":true,"href":"https:\/\/oticascarolcuiaba.com.br\/index.php\/wp-json\/wp\/v2\/users\/1"}],"replies":[{"embeddable":true,"href":"https:\/\/oticascarolcuiaba.com.br\/index.php\/wp-json\/wp\/v2\/comments?post=11"}],"version-history":[{"count":61,"href":"https:\/\/oticascarolcuiaba.com.br\/index.php\/wp-json\/wp\/v2\/pages\/11\/revisions"}],"predecessor-version":[{"id":100,"href":"https:\/\/oticascarolcuiaba.com.br\/index.php\/wp-json\/wp\/v2\/pages\/11\/revisions\/100"}],"wp:attachment":[{"href":"https:\/\/oticascarolcuiaba.com.br\/index.php\/wp-json\/wp\/v2\/media?parent=11"}],"curies":[{"name":"wp","href":"https:\/\/api.w.org\/{rel}","templated":true}]}}